{"id":8310,"date":"2025-04-18T19:00:11","date_gmt":"2025-04-18T19:00:11","guid":{"rendered":"https:\/\/refugios.pt\/?page_id=8310"},"modified":"2025-05-20T16:41:51","modified_gmt":"2025-05-20T16:41:51","slug":"politica-de-privacidade","status":"publish","type":"page","link":"https:\/\/refugios.pt\/en\/politica-de-privacidade\/","title":{"rendered":"Privacy Policy"},"content":{"rendered":"<div data-elementor-type=\"wp-page\" data-elementor-id=\"8310\" class=\"elementor elementor-8310\">\n\t\t\t\t<div class=\"elementor-element elementor-element-f047b6b e-flex e-con-boxed e-con e-parent\" data-id=\"f047b6b\" data-element_type=\"container\" data-settings=\"{&quot;background_background&quot;:&quot;classic&quot;}\">\n\t\t\t\t\t<div class=\"e-con-inner\">\n\t\t\t\t<div class=\"elementor-element elementor-element-85a5cb1 elementor-widget elementor-widget-heading\" data-id=\"85a5cb1\" data-element_type=\"widget\" data-widget_type=\"heading.default\">\n\t\t\t\t<div class=\"elementor-widget-container\">\n\t\t\t\t\t<h2 class=\"elementor-heading-title elementor-size-default\">Privacy Policy \u2013 refugios.pt<\/h2>\t\t\t\t<\/div>\n\t\t\t\t<\/div>\n\t\t\t\t<div class=\"elementor-element elementor-element-6deda5f elementor-widget elementor-widget-text-editor\" data-id=\"6deda5f\" data-element_type=\"widget\" data-widget_type=\"text-editor.default\">\n\t\t\t\t<div class=\"elementor-widget-container\">\n\t\t\t\t\t\t\t\t\t<p>1. Data Controller<br \/>The personal data collected through the website refugios.pt is managed by Pedro Carrilho, who ensures compliance with the applicable legislation regarding personal data protection.<\/p><p>2. Purpose of Data Collection<br \/>The personal data collected (such as name, email, phone number, and other information voluntarily provided by the user) is intended solely for:<\/p><p>Responding to information requests;<\/p><p>Managing bookings and contacts;<\/p><p>Communicating with users about the accommodations featured on the site.<\/p><p>3. Legal Basis<br \/>The processing of data is based on the user\u2019s consent, expressed when submitting information through contact forms, or on the need for pre-contractual steps at the request of the data subject.<\/p><p>4. Data Retention<br \/>Data will be retained only for as long as necessary to fulfill the purpose for which it was collected or for the period required by applicable legal obligations.<\/p><p>5. Data Sharing<br \/>Personal data will not be shared with third parties, except when required by law or necessary to fulfill legal obligations.<\/p><p>6. Data Subject Rights<br \/>Under current legislation, the user has the right to:<\/p><p>Access their personal data;<\/p><p>Request correction or deletion of data;<\/p><p>Object to the processing of their data;<\/p><p>Request restriction of processing;<\/p><p>Withdraw consent, when applicable;<\/p><p>File a complaint with the Portuguese Data Protection Authority (CNPD).<\/p><p>Requests can be made via the contact email provided on the website.<\/p><p>7. Cookies<br \/>The refugios.pt website may use cookies to improve the user experience. The user may configure their browser at any time to block or delete cookies.<\/p><p>8. Changes to the Privacy Policy<br \/>Pedro Carrilho reserves the right to update this Privacy Policy whenever necessary. Any changes will be published on this page with the updated date.<\/p>\t\t\t\t\t\t\t\t<\/div>\n\t\t\t\t<\/div>\n\t\t\t\t\t<\/div>\n\t\t\t\t<\/div>\n\t\t\t\t<\/div>","protected":false},"excerpt":{"rendered":"<p>Pol\u00edtica de Privacidade \u2013 refugios.pt 1. Respons\u00e1vel pelo Tratamento dos DadosO respons\u00e1vel pelo tratamento dos dados pessoais recolhidos atrav\u00e9s do site refugios.pt \u00e9 Pedro Carrilho, que assegura o cumprimento da legisla\u00e7\u00e3o aplic\u00e1vel em mat\u00e9ria de prote\u00e7\u00e3o de dados pessoais. 2. Finalidade da Recolha de DadosOs dados pessoais recolhidos (como nome, e-mail, n\u00famero de telefone e [&hellip;]<\/p>","protected":false},"author":1,"featured_media":0,"parent":0,"menu_order":0,"comment_status":"closed","ping_status":"closed","template":"","meta":{"footnotes":""},"class_list":["post-8310","page","type-page","status-publish","hentry"],"_links":{"self":[{"href":"https:\/\/refugios.pt\/en\/wp-json\/wp\/v2\/pages\/8310","targetHints":{"allow":["GET"]}}],"collection":[{"href":"https:\/\/refugios.pt\/en\/wp-json\/wp\/v2\/pages"}],"about":[{"href":"https:\/\/refugios.pt\/en\/wp-json\/wp\/v2\/types\/page"}],"author":[{"embeddable":true,"href":"https:\/\/refugios.pt\/en\/wp-json\/wp\/v2\/users\/1"}],"replies":[{"embeddable":true,"href":"https:\/\/refugios.pt\/en\/wp-json\/wp\/v2\/comments?post=8310"}],"version-history":[{"count":7,"href":"https:\/\/refugios.pt\/en\/wp-json\/wp\/v2\/pages\/8310\/revisions"}],"predecessor-version":[{"id":8686,"href":"https:\/\/refugios.pt\/en\/wp-json\/wp\/v2\/pages\/8310\/revisions\/8686"}],"wp:attachment":[{"href":"https:\/\/refugios.pt\/en\/wp-json\/wp\/v2\/media?parent=8310"}],"curies":[{"name":"wp","href":"https:\/\/api.w.org\/{rel}","templated":true}]}}